{"id":177,"date":"2023-09-13T14:41:22","date_gmt":"2023-09-13T14:41:22","guid":{"rendered":"https:\/\/web4.rkinformatika.net\/asesoriagreenbook\/?page_id=177"},"modified":"2023-09-20T08:13:43","modified_gmt":"2023-09-20T08:13:43","slug":"creacion-s-l","status":"publish","type":"page","link":"https:\/\/asesoriagreenbook.es\/eu\/creacion-s-l\/","title":{"rendered":"S.L sortzea"},"content":{"rendered":"<div data-elementor-type=\"wp-page\" data-elementor-id=\"177\" class=\"elementor elementor-177\" data-elementor-post-type=\"page\">\n\t\t\t\t\t\t<section class=\"elementor-section elementor-top-section elementor-element elementor-element-b9395ac elementor-section-boxed elementor-section-height-default elementor-section-height-default\" data-id=\"b9395ac\" data-element_type=\"section\" data-e-type=\"section\" data-settings=\"{&quot;background_background&quot;:&quot;classic&quot;}\">\n\t\t\t\t\t\t\t<div class=\"elementor-background-overlay\"><\/div>\n\t\t\t\t\t\t\t<div class=\"elementor-container elementor-column-gap-default\">\n\t\t\t\t\t<div class=\"elementor-column elementor-col-100 elementor-top-column elementor-element elementor-element-2d37c48\" data-id=\"2d37c48\" data-element_type=\"column\" data-e-type=\"column\">\n\t\t\t<div class=\"elementor-widget-wrap\">\n\t\t\t\t\t\t\t<\/div>\n\t\t<\/div>\n\t\t\t\t\t<\/div>\n\t\t<\/section>\n\t\t\t\t<section class=\"elementor-section elementor-top-section elementor-element elementor-element-a2403ac elementor-section-boxed elementor-section-height-default elementor-section-height-default\" data-id=\"a2403ac\" data-element_type=\"section\" data-e-type=\"section\" data-settings=\"{&quot;background_background&quot;:&quot;classic&quot;}\">\n\t\t\t\t\t\t<div class=\"elementor-container elementor-column-gap-default\">\n\t\t\t\t\t<div class=\"elementor-column elementor-col-100 elementor-top-column elementor-element elementor-element-96ba60f\" data-id=\"96ba60f\" data-element_type=\"column\" data-e-type=\"column\">\n\t\t\t<div class=\"elementor-widget-wrap elementor-element-populated\">\n\t\t\t\t\t\t<div class=\"elementor-element elementor-element-4167d8e elementor-invisible elementor-widget elementor-widget-heading\" data-id=\"4167d8e\" data-element_type=\"widget\" data-e-type=\"widget\" data-settings=\"{&quot;_animation&quot;:&quot;slideInLeft&quot;}\" data-widget_type=\"heading.default\">\n\t\t\t\t<div class=\"elementor-widget-container\">\n\t\t\t\t\t<h2 class=\"elementor-heading-title elementor-size-default\">Creaci\u00f3n de S.L<\/h2>\t\t\t\t<\/div>\n\t\t\t\t<\/div>\n\t\t\t\t\t<\/div>\n\t\t<\/div>\n\t\t\t\t\t<\/div>\n\t\t<\/section>\n\t\t<div class=\"elementor-element elementor-element-613932d e-flex e-con-boxed e-con e-parent\" data-id=\"613932d\" data-element_type=\"container\" data-e-type=\"container\" data-settings=\"{&quot;background_background&quot;:&quot;classic&quot;}\">\n\t\t\t\t\t<div class=\"e-con-inner\">\n\t\t<div class=\"elementor-element elementor-element-6a85b13 e-con-full e-flex e-con e-child\" data-id=\"6a85b13\" data-element_type=\"container\" data-e-type=\"container\">\n\t\t\t\t<div class=\"elementor-element elementor-element-304717f elementor-invisible elementor-widget elementor-widget-text-editor\" data-id=\"304717f\" data-element_type=\"widget\" data-e-type=\"widget\" data-settings=\"{&quot;_animation&quot;:&quot;zoomIn&quot;}\" data-widget_type=\"text-editor.default\">\n\t\t\t\t<div class=\"elementor-widget-container\">\n\t\t\t\t\t\t\t\t\t<h4 class=\"x-el x-el-h4 c1-1 c1-2 c1-1f c1-1g c1-7z c1-1x c1-1w c1-1i c1-1j c1-b c1-19 c1-6g c1-1l c1-6j c1-6l c1-6m c1-6n\" role=\"heading\" aria-level=\"4\" data-ux=\"ContentHeading\" data-aid=\"CONTENT_MEDIA_HEADLINE1_RENDERED\" data-typography=\"HeadingDelta\">Pasos a seguir<\/h4>\n<div class=\"x-el c1-1 c1-2 c1-1f c1-1g c1-1h c1-1i c1-1j c1-80 c1-81 c1-82 c1-83 c1-84 c1-85 c1-86 c1-87 c1-88 c1-89 c1-8a c1-8b c1-8c c1-8d c1-8e c1-8f c1-8g c1-8h c1-8i c1-8j c1-8k c1-8l c1-8m c1-8n c1-8o c1-8p c1-8q c1-8r c1-7e c1-b c1-8s c1-c c1-1l c1-d c1-e c1-f c1-g x-rt\" data-ux=\"ContentText\" data-aid=\"CONTENT_MEDIA_DESCRIPTION1_RENDERED\" data-typography=\"BodyAlpha\">\n<p>Antes de nada, hay que tener claro la&nbsp;<strong class=\"x-el x-el-span c1-2e c1-2f c1-b c1-8t c1-3q c1-58 c1-8u\">denominaci\u00f3n social<\/strong>&nbsp;que se quiere poner a la empresa, piensa mas de un nombre por si el primero no esta disponible.<\/p>\n<p>Una vez se tenga claro, hay que<strong class=\"x-el x-el-span c1-2e c1-2f c1-b c1-8t c1-3q c1-58 c1-8u\">&nbsp;empezar<\/strong>&nbsp;a realizar&nbsp;<strong class=\"x-el x-el-span c1-2e c1-2f c1-b c1-8t c1-3q c1-58 c1-8u\">el procedimiento:<\/strong><\/p>\n<p><\/p>\n<ul>\n<li>Habr\u00e1 que&nbsp;<strong class=\"x-el x-el-span c1-2e c1-2f c1-b c1-8t c1-3q c1-58 c1-8u\">solicitar&nbsp;<\/strong>al Registro Mercantil central un&nbsp;<strong class=\"x-el x-el-span c1-2e c1-2f c1-b c1-8t c1-3q c1-58 c1-8u\">certificado negativo.<\/strong><\/li>\n<li>A continuaci\u00f3n, se deber\u00e1&nbsp;<strong class=\"x-el x-el-span c1-2e c1-2f c1-b c1-8t c1-3q c1-58 c1-8u\">abrir una cuenta en el banco<\/strong>&nbsp;donde se haya llegado a un acuerdo, se tendr\u00e1 que depositar&nbsp;<strong class=\"x-el x-el-span c1-2e c1-2f c1-b c1-8t c1-3q c1-58 c1-8u\">la aportaci\u00f3n del capital&nbsp;<\/strong>acordado, siempre respetando el m\u00ednimo que se establezca para crear dicha sociedad.<\/li>\n<li>\u00bfSe a pensado crear la sociedad con&nbsp;<strong class=\"x-el x-el-span c1-2e c1-2f c1-b c1-8t c1-3q c1-58 c1-8u\">alg\u00fan socio\/a<\/strong>?. Es hora de r<strong class=\"x-el x-el-span c1-2e c1-2f c1-b c1-8t c1-3q c1-58 c1-8u\">eunirse, tratar los puntos, instrucciones y directrices<\/strong>&nbsp;que va a seguir la empresa para un buen funcionamiento.<\/li>\n<li>Para que tenga validez dicha empresa&nbsp;<strong class=\"x-el x-el-span c1-2e c1-2f c1-b c1-8t c1-3q c1-58 c1-8u\">se elevar\u00e1 a escritura p\u00fablica<\/strong>, con lo que es necesario firmar los estatutos ante un Notario certificado.<\/li>\n<li>Dicha escritura se tiene que&nbsp;<strong class=\"x-el x-el-span c1-2e c1-2f c1-b c1-8t c1-3q c1-58 c1-8u\">registrar en el Registro Mercantil&nbsp;<\/strong>correspondiente a el domicilio fiscal establecido.<\/li>\n<li>Una vez realizado los pasos anteriores, hay que dirigirse a la&nbsp;<strong class=\"x-el x-el-span c1-2e c1-2f c1-b c1-8t c1-3q c1-58 c1-8u\">Agencia Tributaria Estatal o a las Haciendas Forales&nbsp;<\/strong>que correspondan para solicitar el&nbsp;<strong class=\"x-el x-el-span c1-2e c1-2f c1-b c1-8t c1-3q c1-58 c1-8u\">CIF provisional<\/strong>. Con este CIF hay que dirigirse nuevamente a el banco para que te registren en la cuenta los datos de la empresa.<\/li>\n<li>Unos d\u00edas mas tarde, se tendr\u00e1 que solicitar el&nbsp;<strong class=\"x-el x-el-span c1-2e c1-2f c1-b c1-8t c1-3q c1-58 c1-8u\">CIF definitivo<\/strong>.<\/li>\n<\/ul>\n<p>Ahora solamente te queda dar de&nbsp;<strong class=\"x-el x-el-span c1-2e c1-2f c1-b c1-8t c1-3q c1-58 c1-8u\">alta<\/strong>&nbsp;a la empresa en el&nbsp;<strong class=\"x-el x-el-span c1-2e c1-2f c1-b c1-8t c1-3q c1-58 c1-8u\">IAE<\/strong>&nbsp;que corresponda y pode empezar a facturar.<\/p>\n<p>Si necesita que le gestionemos&nbsp;<strong class=\"x-el x-el-span c1-2e c1-2f c1-b c1-8t c1-3q c1-58 c1-8u\">todos los puntos<\/strong>&nbsp;anteriormente indicados&nbsp;<strong class=\"x-el x-el-span c1-2e c1-2f c1-b c1-8t c1-3q c1-58 c1-8u\">Asesoria Greenbook se lo hace todo mas sencillo.<\/strong><\/p>\n<\/div>\t\t\t\t\t\t\t\t<\/div>\n\t\t\t\t<\/div>\n\t\t\t\t<\/div>\n\t\t<div class=\"elementor-element elementor-element-21d4ae5 e-con-full e-flex e-con e-child\" data-id=\"21d4ae5\" data-element_type=\"container\" data-e-type=\"container\">\n\t\t\t\t<div class=\"elementor-element elementor-element-319387a e-transform elementor-widget elementor-widget-image\" data-id=\"319387a\" data-element_type=\"widget\" data-e-type=\"widget\" data-settings=\"{&quot;_transform_flipX_effect_hover&quot;:&quot;transform&quot;}\" data-widget_type=\"image.default\">\n\t\t\t\t<div class=\"elementor-widget-container\">\n\t\t\t\t\t\t\t\t\t\t\t\t\t\t\t\t<a href=\"https:\/\/asesoriagreenbook.es\/eu\/\">\n\t\t\t\t\t\t\t<img decoding=\"async\" width=\"212\" height=\"212\" src=\"https:\/\/asesoriagreenbook.es\/wp-content\/uploads\/2023\/09\/GREENBOOK-02.png\" class=\"attachment-large size-large wp-image-22\" alt=\"\" srcset=\"https:\/\/asesoriagreenbook.es\/wp-content\/uploads\/2023\/09\/GREENBOOK-02.png 212w, https:\/\/asesoriagreenbook.es\/wp-content\/uploads\/2023\/09\/GREENBOOK-02-150x150.png 150w, https:\/\/asesoriagreenbook.es\/wp-content\/uploads\/2023\/09\/GREENBOOK-02-12x12.png 12w\" sizes=\"(max-width: 212px) 100vw, 212px\" \/>\t\t\t\t\t\t\t\t<\/a>\n\t\t\t\t\t\t\t\t\t\t\t\t\t\t\t<\/div>\n\t\t\t\t<\/div>\n\t\t\t\t<div class=\"elementor-element elementor-element-e7e6b4a elementor-mobile-align-justify elementor-align-center elementor-invisible elementor-widget elementor-widget-button\" data-id=\"e7e6b4a\" data-element_type=\"widget\" data-e-type=\"widget\" data-settings=\"{&quot;_animation&quot;:&quot;fadeInLeft&quot;,&quot;_animation_tablet&quot;:&quot;fadeIn&quot;,&quot;_animation_delay&quot;:200}\" data-widget_type=\"button.default\">\n\t\t\t\t<div class=\"elementor-widget-container\">\n\t\t\t\t\t\t\t\t\t<div class=\"elementor-button-wrapper\">\n\t\t\t\t\t<a class=\"elementor-button elementor-button-link elementor-size-sm elementor-animation-float\" href=\"https:\/\/asesoriagreenbook.es\/eu\/contacto\/\">\n\t\t\t\t\t\t<span class=\"elementor-button-content-wrapper\">\n\t\t\t\t\t\t\t\t\t<span class=\"elementor-button-text\">Jarri gurekin harremanetan<\/span>\n\t\t\t\t\t<\/span>\n\t\t\t\t\t<\/a>\n\t\t\t\t<\/div>\n\t\t\t\t\t\t\t\t<\/div>\n\t\t\t\t<\/div>\n\t\t\t\t<\/div>\n\t\t\t\t\t<\/div>\n\t\t\t\t<\/div>\n\t\t\t\t<\/div>","protected":false},"excerpt":{"rendered":"<p>Creaci\u00f3n de S.L Pasos a seguir Antes de nada, hay que tener claro la&nbsp;denominaci\u00f3n social&nbsp;que se quiere poner a la empresa, piensa mas de un nombre por si el primero no esta disponible. Una vez se tenga claro, hay que&nbsp;empezar&nbsp;a realizar&nbsp;el procedimiento: Habr\u00e1 que&nbsp;solicitar&nbsp;al Registro Mercantil central un&nbsp;certificado negativo. A continuaci\u00f3n, se deber\u00e1&nbsp;abrir una cuenta [&hellip;]<\/p>\n","protected":false},"author":1,"featured_media":0,"parent":0,"menu_order":0,"comment_status":"closed","ping_status":"closed","template":"elementor_canvas","meta":{"footnotes":""},"class_list":["post-177","page","type-page","status-publish","hentry"],"yoast_head":"<!-- This site is optimized with the Yoast SEO plugin v27.5 - https:\/\/yoast.com\/product\/yoast-seo-wordpress\/ -->\n<title>Creaci\u00f3n S.L - Asesor\u00eda Greenbook<\/title>\n<meta name=\"robots\" content=\"index, follow, max-snippet:-1, max-image-preview:large, max-video-preview:-1\" \/>\n<link rel=\"canonical\" href=\"https:\/\/asesoriagreenbook.es\/eu\/creacion-s-l\/\" \/>\n<meta property=\"og:locale\" content=\"en_US\" \/>\n<meta property=\"og:type\" content=\"article\" \/>\n<meta property=\"og:title\" content=\"Creaci\u00f3n S.L - Asesor\u00eda Greenbook\" \/>\n<meta property=\"og:description\" content=\"Creaci\u00f3n de S.L Pasos a seguir Antes de nada, hay que tener claro la&nbsp;denominaci\u00f3n social&nbsp;que se quiere poner a la empresa, piensa mas de un nombre por si el primero no esta disponible. Una vez se tenga claro, hay que&nbsp;empezar&nbsp;a realizar&nbsp;el procedimiento: Habr\u00e1 que&nbsp;solicitar&nbsp;al Registro Mercantil central un&nbsp;certificado negativo. A continuaci\u00f3n, se deber\u00e1&nbsp;abrir una cuenta [&hellip;]\" \/>\n<meta property=\"og:url\" content=\"https:\/\/asesoriagreenbook.es\/eu\/creacion-s-l\/\" \/>\n<meta property=\"og:site_name\" content=\"Asesor\u00eda Greenbook\" \/>\n<meta property=\"article:modified_time\" content=\"2023-09-20T08:13:43+00:00\" \/>\n<meta property=\"og:image\" content=\"https:\/\/asesoriagreenbook.es\/wp-content\/uploads\/2023\/09\/GREENBOOK-02.png\" \/>\n<meta name=\"twitter:card\" content=\"summary_large_image\" \/>\n<meta name=\"twitter:label1\" content=\"Est. reading time\" \/>\n\t<meta name=\"twitter:data1\" content=\"2 minutua\" \/>\n<script type=\"application\/ld+json\" class=\"yoast-schema-graph\">{\"@context\":\"https:\\\/\\\/schema.org\",\"@graph\":[{\"@type\":\"WebPage\",\"@id\":\"https:\\\/\\\/asesoriagreenbook.es\\\/creacion-s-l\\\/\",\"url\":\"https:\\\/\\\/asesoriagreenbook.es\\\/creacion-s-l\\\/\",\"name\":\"Creaci\u00f3n S.L - Asesor\u00eda Greenbook\",\"isPartOf\":{\"@id\":\"https:\\\/\\\/asesoriagreenbook.es\\\/#website\"},\"primaryImageOfPage\":{\"@id\":\"https:\\\/\\\/asesoriagreenbook.es\\\/creacion-s-l\\\/#primaryimage\"},\"image\":{\"@id\":\"https:\\\/\\\/asesoriagreenbook.es\\\/creacion-s-l\\\/#primaryimage\"},\"thumbnailUrl\":\"https:\\\/\\\/asesoriagreenbook.es\\\/wp-content\\\/uploads\\\/2023\\\/09\\\/GREENBOOK-02.png\",\"datePublished\":\"2023-09-13T14:41:22+00:00\",\"dateModified\":\"2023-09-20T08:13:43+00:00\",\"breadcrumb\":{\"@id\":\"https:\\\/\\\/asesoriagreenbook.es\\\/creacion-s-l\\\/#breadcrumb\"},\"inLanguage\":\"eu\",\"potentialAction\":[{\"@type\":\"ReadAction\",\"target\":[\"https:\\\/\\\/asesoriagreenbook.es\\\/creacion-s-l\\\/\"]}]},{\"@type\":\"ImageObject\",\"inLanguage\":\"eu\",\"@id\":\"https:\\\/\\\/asesoriagreenbook.es\\\/creacion-s-l\\\/#primaryimage\",\"url\":\"https:\\\/\\\/asesoriagreenbook.es\\\/wp-content\\\/uploads\\\/2023\\\/09\\\/GREENBOOK-02.png\",\"contentUrl\":\"https:\\\/\\\/asesoriagreenbook.es\\\/wp-content\\\/uploads\\\/2023\\\/09\\\/GREENBOOK-02.png\"},{\"@type\":\"BreadcrumbList\",\"@id\":\"https:\\\/\\\/asesoriagreenbook.es\\\/creacion-s-l\\\/#breadcrumb\",\"itemListElement\":[{\"@type\":\"ListItem\",\"position\":1,\"name\":\"Portada\",\"item\":\"https:\\\/\\\/asesoriagreenbook.es\\\/\"},{\"@type\":\"ListItem\",\"position\":2,\"name\":\"Creaci\u00f3n S.L\"}]},{\"@type\":\"WebSite\",\"@id\":\"https:\\\/\\\/asesoriagreenbook.es\\\/#website\",\"url\":\"https:\\\/\\\/asesoriagreenbook.es\\\/\",\"name\":\"Asesor\u00eda Greenbook\",\"description\":\"Asesor\u00eda Greenbook\",\"publisher\":{\"@id\":\"https:\\\/\\\/asesoriagreenbook.es\\\/#organization\"},\"potentialAction\":[{\"@type\":\"SearchAction\",\"target\":{\"@type\":\"EntryPoint\",\"urlTemplate\":\"https:\\\/\\\/asesoriagreenbook.es\\\/?s={search_term_string}\"},\"query-input\":{\"@type\":\"PropertyValueSpecification\",\"valueRequired\":true,\"valueName\":\"search_term_string\"}}],\"inLanguage\":\"eu\"},{\"@type\":\"Organization\",\"@id\":\"https:\\\/\\\/asesoriagreenbook.es\\\/#organization\",\"name\":\"Asesor\u00eda Greenbook\",\"url\":\"https:\\\/\\\/asesoriagreenbook.es\\\/\",\"logo\":{\"@type\":\"ImageObject\",\"inLanguage\":\"eu\",\"@id\":\"https:\\\/\\\/asesoriagreenbook.es\\\/#\\\/schema\\\/logo\\\/image\\\/\",\"url\":\"https:\\\/\\\/asesoriagreenbook.es\\\/wp-content\\\/uploads\\\/2023\\\/09\\\/cropped-GREENBOOK-01.png\",\"contentUrl\":\"https:\\\/\\\/asesoriagreenbook.es\\\/wp-content\\\/uploads\\\/2023\\\/09\\\/cropped-GREENBOOK-01.png\",\"width\":476,\"height\":144,\"caption\":\"Asesor\u00eda Greenbook\"},\"image\":{\"@id\":\"https:\\\/\\\/asesoriagreenbook.es\\\/#\\\/schema\\\/logo\\\/image\\\/\"}}]}<\/script>\n<!-- \/ Yoast SEO plugin. -->","yoast_head_json":{"title":"Creaci\u00f3n S.L - Asesor\u00eda Greenbook","robots":{"index":"index","follow":"follow","max-snippet":"max-snippet:-1","max-image-preview":"max-image-preview:large","max-video-preview":"max-video-preview:-1"},"canonical":"https:\/\/asesoriagreenbook.es\/eu\/creacion-s-l\/","og_locale":"en_US","og_type":"article","og_title":"Creaci\u00f3n S.L - Asesor\u00eda Greenbook","og_description":"Creaci\u00f3n de S.L Pasos a seguir Antes de nada, hay que tener claro la&nbsp;denominaci\u00f3n social&nbsp;que se quiere poner a la empresa, piensa mas de un nombre por si el primero no esta disponible. Una vez se tenga claro, hay que&nbsp;empezar&nbsp;a realizar&nbsp;el procedimiento: Habr\u00e1 que&nbsp;solicitar&nbsp;al Registro Mercantil central un&nbsp;certificado negativo. A continuaci\u00f3n, se deber\u00e1&nbsp;abrir una cuenta [&hellip;]","og_url":"https:\/\/asesoriagreenbook.es\/eu\/creacion-s-l\/","og_site_name":"Asesor\u00eda Greenbook","article_modified_time":"2023-09-20T08:13:43+00:00","og_image":[{"url":"https:\/\/asesoriagreenbook.es\/wp-content\/uploads\/2023\/09\/GREENBOOK-02.png","type":"","width":"","height":""}],"twitter_card":"summary_large_image","twitter_misc":{"Est. reading time":"2 minutua"},"schema":{"@context":"https:\/\/schema.org","@graph":[{"@type":"WebPage","@id":"https:\/\/asesoriagreenbook.es\/creacion-s-l\/","url":"https:\/\/asesoriagreenbook.es\/creacion-s-l\/","name":"Creaci\u00f3n S.L - Asesor\u00eda Greenbook","isPartOf":{"@id":"https:\/\/asesoriagreenbook.es\/#website"},"primaryImageOfPage":{"@id":"https:\/\/asesoriagreenbook.es\/creacion-s-l\/#primaryimage"},"image":{"@id":"https:\/\/asesoriagreenbook.es\/creacion-s-l\/#primaryimage"},"thumbnailUrl":"https:\/\/asesoriagreenbook.es\/wp-content\/uploads\/2023\/09\/GREENBOOK-02.png","datePublished":"2023-09-13T14:41:22+00:00","dateModified":"2023-09-20T08:13:43+00:00","breadcrumb":{"@id":"https:\/\/asesoriagreenbook.es\/creacion-s-l\/#breadcrumb"},"inLanguage":"eu","potentialAction":[{"@type":"ReadAction","target":["https:\/\/asesoriagreenbook.es\/creacion-s-l\/"]}]},{"@type":"ImageObject","inLanguage":"eu","@id":"https:\/\/asesoriagreenbook.es\/creacion-s-l\/#primaryimage","url":"https:\/\/asesoriagreenbook.es\/wp-content\/uploads\/2023\/09\/GREENBOOK-02.png","contentUrl":"https:\/\/asesoriagreenbook.es\/wp-content\/uploads\/2023\/09\/GREENBOOK-02.png"},{"@type":"BreadcrumbList","@id":"https:\/\/asesoriagreenbook.es\/creacion-s-l\/#breadcrumb","itemListElement":[{"@type":"ListItem","position":1,"name":"Portada","item":"https:\/\/asesoriagreenbook.es\/"},{"@type":"ListItem","position":2,"name":"Creaci\u00f3n S.L"}]},{"@type":"WebSite","@id":"https:\/\/asesoriagreenbook.es\/#website","url":"https:\/\/asesoriagreenbook.es\/","name":"Aholkularitza greenbook-ek","description":"Aholkularitza greenbook-ek","publisher":{"@id":"https:\/\/asesoriagreenbook.es\/#organization"},"potentialAction":[{"@type":"SearchAction","target":{"@type":"EntryPoint","urlTemplate":"https:\/\/asesoriagreenbook.es\/?s={search_term_string}"},"query-input":{"@type":"PropertyValueSpecification","valueRequired":true,"valueName":"search_term_string"}}],"inLanguage":"eu"},{"@type":"Organization","@id":"https:\/\/asesoriagreenbook.es\/#organization","name":"Aholkularitza greenbook-ek","url":"https:\/\/asesoriagreenbook.es\/","logo":{"@type":"ImageObject","inLanguage":"eu","@id":"https:\/\/asesoriagreenbook.es\/#\/schema\/logo\/image\/","url":"https:\/\/asesoriagreenbook.es\/wp-content\/uploads\/2023\/09\/cropped-GREENBOOK-01.png","contentUrl":"https:\/\/asesoriagreenbook.es\/wp-content\/uploads\/2023\/09\/cropped-GREENBOOK-01.png","width":476,"height":144,"caption":"Asesor\u00eda Greenbook"},"image":{"@id":"https:\/\/asesoriagreenbook.es\/#\/schema\/logo\/image\/"}}]}},"jetpack_sharing_enabled":true,"_links":{"self":[{"href":"https:\/\/asesoriagreenbook.es\/eu\/wp-json\/wp\/v2\/pages\/177","targetHints":{"allow":["GET"]}}],"collection":[{"href":"https:\/\/asesoriagreenbook.es\/eu\/wp-json\/wp\/v2\/pages"}],"about":[{"href":"https:\/\/asesoriagreenbook.es\/eu\/wp-json\/wp\/v2\/types\/page"}],"author":[{"embeddable":true,"href":"https:\/\/asesoriagreenbook.es\/eu\/wp-json\/wp\/v2\/users\/1"}],"replies":[{"embeddable":true,"href":"https:\/\/asesoriagreenbook.es\/eu\/wp-json\/wp\/v2\/comments?post=177"}],"version-history":[{"count":94,"href":"https:\/\/asesoriagreenbook.es\/eu\/wp-json\/wp\/v2\/pages\/177\/revisions"}],"predecessor-version":[{"id":2655,"href":"https:\/\/asesoriagreenbook.es\/eu\/wp-json\/wp\/v2\/pages\/177\/revisions\/2655"}],"wp:attachment":[{"href":"https:\/\/asesoriagreenbook.es\/eu\/wp-json\/wp\/v2\/media?parent=177"}],"curies":[{"name":"wp","href":"https:\/\/api.w.org\/{rel}","templated":true}]}}